{"id":738,"date":"2020-11-20T03:24:07","date_gmt":"2020-11-20T03:24:07","guid":{"rendered":"http:\/\/sabedoria.net\/index.php\/about-us\/"},"modified":"2022-08-09T20:54:13","modified_gmt":"2022-08-09T20:54:13","slug":"about-us","status":"publish","type":"page","link":"https:\/\/sabedoria.net\/index.php\/about-us\/","title":{"rendered":"About Us"},"content":{"rendered":"\n\n\t<h1>\n\t\t\t\t\tSobre N\u00f3s\n\t\t\t\t<\/h1>\n\t\t\t<p>Somos pessoas que acreditam na aquisi\u00e7\u00e3o de conhecimento como o caminho mais curto na busca da sabedoria.<\/p>\n<p>Nossos valores incluem: igualdade,\u00a0 solidariedade, respeito, laicidade e\u00a0 colabora\u00e7\u00e3o.<\/p>\n<p>A toler\u00e2ncia tamb\u00e9m \u00e9 um valor fundamental, mas \u00e9 limitada de forma coerente com o chamado &#8220;paradoxo de Popper&#8221;. Em outras palavras, nossa toler\u00e2ncia n\u00e3o se estende aos discursos intolerantes. Nesse contexto n\u00e3o aceitamos qualquer forma de preconceito, a n\u00e3o ser o contra os preconceituosos. Esse par\u00e1grafo pode soar contradit\u00f3rio, mas n\u00e3o \u00e9 necess\u00e1rio muito esfor\u00e7o para compreender a que nos referimos.<\/p>\n<p>Nossa pr\u00e1tica \u00e9 a acad\u00eamica, onde &#8220;opini\u00f5es&#8221; n\u00e3o possuem o mesmo peso que estudos s\u00e9rios. O debate \u00e9 estimulado, mas sempre com m\u00fatuo respeito e urbanidade no trato.<\/p>\n<p>Somos humanos, portanto cometemos erros com frequ\u00eancia maior do que gostar\u00edamos. N\u00e3o temos problemas em assumir nossos erros e em nos desculparmos quando os detectamos. Somos gratos a quem nos mostre onde podemos melhorar.<\/p>\n\t<h2>\n\t\t\t\t\tO que n\u00f3s somos\n\t\t\t\t<\/h2>\n\t\t\t<p>Somos, basicamente, pessoas pr\u00f3ximas do chamado &#8220;mundo acad\u00eamico&#8221; que se comprometem com a dissemina\u00e7\u00e3o do conhecimento.<\/p>\n\t<p>Os geradores de conte\u00fados dessa p\u00e1gina incluem professores, t\u00e9cnicos, alunos e profissionais das mais diversas \u00e1reas do conhecimento.<\/p>\n<p>Cada material publicado, independente da autoria, est\u00e1 sob a responsabilidade de algum dos membros de nossa equipe. Tal membro sempre estar\u00e1 claramente identificado.<\/p>\n<p>Os links para os curr\u00edculos Lattes de cada um dos respons\u00e1veis pelas aprova\u00e7\u00f5es dos conte\u00fados est\u00e3o dispon\u00edveis nas identifica\u00e7\u00f5es dos mesmos.<\/p>\n<p>Onde n\u00e3o houver indica\u00e7\u00e3o de um respons\u00e1vel espec\u00edfico, a responsabilidade \u00e9 do fundador dessa p\u00e1gina, Professor <a href=\"http:\/\/lattes.cnpq.br\/5816359701382662\" target=\"_blank\" rel=\"noopener\">Fernando Matias<\/a>.<\/p>\n<p>&nbsp;<\/p>\n\t\t\t\t<img decoding=\"async\" src=\"https:\/\/sabedoria.net\/wp-content\/uploads\/2021\/06\/Eu-face.jpeg\" alt=\"Foto de Fernando Machado Matias\" itemprop=\"image\"\/>\n\t<h2>\n\t\t\t\t\tVamos aprender juntos?\n\t\t\t\t<\/h2>\n\t\t\t<p>Quando olhamos uma paisagem muito bonita nos encantamos, e sentimos a necessidade de compartilhar isso com algu\u00e9m. Isso nos permite o prazer compartilhado, que \u00e9 muito superior ao solit\u00e1rio.<\/p>\n<p>O mesmo acontece com o conhecimento. Nosso objetivo \u00e9 o de compartilharmos conhecimentos que adquirimos ao longo de nossas vidas acad\u00eamicas. E, respondendo eventuais d\u00favidas, nos aprofundarmos ainda mais naquilo que j\u00e1 estamos estudando.<\/p>\n<p>Nossa miss\u00e3o \u00e9 a dissemina\u00e7\u00e3o do conhecimento, buscando aumentar a sabedoria de cada um de n\u00f3s. Essa \u00e9 nossa contribui\u00e7\u00e3o para a constru\u00e7\u00e3o de uma sociedade mais s\u00e1bia, objetivo de todos os envolvidos com este projeto.<\/p>\n\t<h5>\n\t\t\t\t\tFernando Matias\n\t\t\t\t<\/h5>\n\t<h6>\n\t\t\t\t\tFundador\n\t\t\t\t<\/h6>\n\t<h5>\n\t\t\t\t\tNossa Vis\u00e3o\n\t\t\t\t<\/h5>\n\t<h2>\n\t\t\t\t\tQuem N\u00f3s Somos\n\t\t\t\t<\/h2>\n\t<h4>\n\t\t\t\t\t&#8220;Quem pensa que sabe tudo n\u00e3o tem nada a aprender, mas o mesmo vale para quem n\u00e3o distingue Ci\u00eancia de opini\u00e3o.&#8221;\n\t\t\t\t<\/h4>\n\t<p>Nossos geradores de conte\u00fado s\u00e3o estudiosos dos assuntos de sua responsabilidade, portanto os temas s\u00e3o tratados com a devida seriedade. E possuem conhecimento suficiente para saberem que n\u00e3o sabem tudo mesmo nas suas \u00e1reas de especialidade.<\/p>\n<p>Somos, portanto, pessoas que buscam a sabedoria atrav\u00e9s da troca de conhecimentos. Se voc\u00ea \u00e9 um de n\u00f3s, e fizermos nosso trabalho direito, esperamos que se sinta a vontade aqui.<\/p>\n<p>Tamb\u00e9m somos pessoas que sempre buscam se aprimorar, dispostos a ouvir cr\u00edticas e opini\u00f5es discordantes que sejam colocadas de forma respeitosa e devidamente embasada.<\/p>\n<p>Nosso maior defeito? N\u00e3o temos muita paci\u00eancia para quem n\u00e3o entende a diferen\u00e7a entre Ci\u00eancia e &#8220;opini\u00e3o&#8221;, raz\u00e3o pela qual alguns coment\u00e1rios ser\u00e3o meramente apagados sem direito a r\u00e9plica. No caso dos jovens somos um pouco mais pacientes. Estamos prontos a ajud\u00e1-los a entender essas diferen\u00e7as para que n\u00e3o se tornem velhos orgulhosos da pr\u00f3pria ignor\u00e2ncia. Com pessoas que &#8220;argumentam&#8221; atrav\u00e9s de fal\u00e1cias n\u00e3o perdemos nosso tempo. Infelizmente tamb\u00e9m h\u00e1 o caso de pessoas com s\u00e9rios transtornos psiqui\u00e1tricos que se consideram &#8220;g\u00eanios incompreendidos&#8221;, capazes de refutar os c\u00e2nones da Ci\u00eancia sem sequer conhec\u00ea-los. Gente que nem aprendeu as leis de Newton direito, mas se julga capaz de refutar a relatividade, a mec\u00e2nica qu\u00e2ntica etc. Nos restringimos a recomendar a busca de ajuda m\u00e9dica a estas pessoas, tamb\u00e9m n\u00e3o entrando em debate com as mesmas.<\/p>\n<p>Temos muito a aprender para desperdi\u00e7ar nosso tempo com quem deseja apenas regurgitar seus preconceitos. Sempre reservaremos uma parte para ajudar quem, de forma honesta e humilde, est\u00e1 disposto a aprender.<\/p>\n<p>Quem realmente quer aprender precisa ter a humildade de assumir que n\u00e3o sabe. \u00c9 necess\u00e1rio ter sabedoria para poder saber mais.<\/p>\n\t<h5>\n\t\t\t\t\tAprenda Com Quem Tem Seriedade\n\t\t\t\t<\/h5>\n\t\t\t<p>Em primeiro lugar tratamos o conhecimento com amor, o que significa com respeito e seriedade.<\/p>\n\t<h5>\n\t\t\t\t\tAprenda Com Quem N\u00e3o Tem Preconceitos\n\t\t\t\t<\/h5>\n\t\t\t<p>Essa hist\u00f3ria de humanas versus tecnol\u00f3gicas, que nem lembra das biol\u00f3gicas, econ\u00f4micas etc, \u00e9 uma bobagem.<\/p>\n<p>Conhecimento \u00e9 conhecimento, desde que estudado de forma s\u00e9ria e sistem\u00e1tica. N\u00e3o somos &#8220;positivistas&#8221;, mas tamb\u00e9m n\u00e3o aderimos a &#8220;relativismos culturais p\u00f3s-modernos&#8221;.<\/p>\n<p>Na linha de Paulo Freire, a d\u00favida \u00e9 importante, desde que trabalhada de forma sistem\u00e1tica.\u00a0<\/p>\n\t<h5>\n\t\t\t\t\tCertifica\u00e7\u00e3o?\n\t\t\t\t<\/h5>\n\t\t\t<p>Nosso objetivo principal \u00e9 a dissemina\u00e7\u00e3o do conhecimento, n\u00e3o a certifica\u00e7\u00e3o do mesmo. No futuro isso pode mudar e, caso ocorra, ser\u00e1 avisado a quem se encontra em nossa lista de e-mails.<\/p>\n\t<h2>\n\t\t\t\t\tJunte-se a n\u00f3s\n\t\t\t\t<\/h2>\n\t\t\t<p>Digite seu endere\u00e7o de e-mail para se registrar e receber not\u00edcias sobre o nosso grupo!<\/p>\n\t<div class=\"wpforms-container \" id=\"wpforms-4\"><form id=\"wpforms-form-4\" class=\"wpforms-validate wpforms-form\" data-formid=\"4\" method=\"post\" enctype=\"multipart\/form-data\" action=\"\/index.php\/wp-json\/wp\/v2\/pages\/738\" data-token=\"f2e82bd104fb034d058b44ed3e102dd0\"><noscript class=\"wpforms-error-noscript\">Please enable JavaScript in your browser to complete this form.<\/noscript><div class=\"wpforms-field-container\"><div id=\"wpforms-4-field_1-container\" class=\"wpforms-field wpforms-field-email wpforms-two-thirds wpforms-first\" data-field-id=\"1\"><label class=\"wpforms-field-label wpforms-label-hide\" for=\"wpforms-4-field_1\">Email <span class=\"wpforms-required-label\">*<\/span><\/label><input type=\"email\" id=\"wpforms-4-field_1\" class=\"wpforms-field-large wpforms-field-required\" name=\"wpforms[fields][1]\" placeholder=\"Seu e-mail\" required><\/div><\/div><div class=\"wpforms-submit-container\"><input type=\"hidden\" name=\"wpforms[id]\" value=\"4\"><input type=\"hidden\" name=\"wpforms[author]\" value=\"1\"><button type=\"submit\" name=\"wpforms[submit]\" id=\"wpforms-submit-4\" class=\"wpforms-submit wpforms-one-thirds wpforms-third\" data-alt-text=\"Enviando...\" data-submit-text=\"Subscreva\" aria-live=\"assertive\" value=\"wpforms-submit\">Subscreva<\/button><\/div><\/form><\/div>  <!-- .wpforms-container -->\t\n\n","protected":false},"excerpt":{"rendered":"<p>Sobre N\u00f3s Somos pessoas que acreditam na aquisi\u00e7\u00e3o de conhecimento como o caminho mais curto na busca da sabedoria. Nossos valores incluem: igualdade,\u00a0 solidariedade, respeito, laicidade e\u00a0 colabora\u00e7\u00e3o. A toler\u00e2ncia tamb\u00e9m \u00e9 um valor fundamental, mas \u00e9 limitada de forma coerente com o chamado &#8220;paradoxo de Popper&#8221;. Em outras palavras, nossa toler\u00e2ncia n\u00e3o se estende &hellip;<\/p>\n<p class=\"read-more\"> <a class=\"\" href=\"https:\/\/sabedoria.net\/index.php\/about-us\/\"> <span class=\"screen-reader-text\">About Us<\/span> Read More &raquo;<\/a><\/p>\n","protected":false},"author":1,"featured_media":0,"parent":0,"menu_order":0,"comment_status":"closed","ping_status":"closed","template":"","meta":{"om_disable_all_campaigns":false,"_mi_skip_tracking":false,"site-sidebar-layout":"no-sidebar","site-content-layout":"page-builder","ast-global-header-display":"","ast-main-header-display":"","ast-hfb-above-header-display":"","ast-hfb-below-header-display":"","ast-hfb-mobile-header-display":"","site-post-title":"disabled","ast-breadcrumbs-content":"disabled","ast-featured-img":"disabled","footer-sml-layout":"","theme-transparent-header-meta":"enabled","adv-header-id-meta":"","stick-header-meta":"","header-above-stick-meta":"","header-main-stick-meta":"","header-below-stick-meta":""},"aioseo_notices":[],"_links":{"self":[{"href":"https:\/\/sabedoria.net\/index.php\/wp-json\/wp\/v2\/pages\/738"}],"collection":[{"href":"https:\/\/sabedoria.net\/index.php\/wp-json\/wp\/v2\/pages"}],"about":[{"href":"https:\/\/sabedoria.net\/index.php\/wp-json\/wp\/v2\/types\/page"}],"author":[{"embeddable":true,"href":"https:\/\/sabedoria.net\/index.php\/wp-json\/wp\/v2\/users\/1"}],"replies":[{"embeddable":true,"href":"https:\/\/sabedoria.net\/index.php\/wp-json\/wp\/v2\/comments?post=738"}],"version-history":[{"count":11,"href":"https:\/\/sabedoria.net\/index.php\/wp-json\/wp\/v2\/pages\/738\/revisions"}],"predecessor-version":[{"id":1001,"href":"https:\/\/sabedoria.net\/index.php\/wp-json\/wp\/v2\/pages\/738\/revisions\/1001"}],"wp:attachment":[{"href":"https:\/\/sabedoria.net\/index.php\/wp-json\/wp\/v2\/media?parent=738"}],"curies":[{"name":"wp","href":"https:\/\/api.w.org\/{rel}","templated":true}]}}