{"id":736,"date":"2020-11-20T03:24:07","date_gmt":"2020-11-20T03:24:07","guid":{"rendered":"http:\/\/sabedoria.net\/index.php\/home\/"},"modified":"2022-09-09T10:09:32","modified_gmt":"2022-09-09T10:09:32","slug":"home","status":"publish","type":"page","link":"https:\/\/sabedoria.net\/","title":{"rendered":"Home"},"content":{"rendered":"\n<ul><li><a href=\"mailto:admin@sabedoria.net\" target=\"_blank\" rel=\"noopener\"><\/a>\t\t\t\t\n\t\tDisponibilizando Conhecimento a Quem o Busca<br>\n<\/li><\/ul>\n\n\n\n<h1>\n\t\t\t\t\tEduca\u00e7\u00e3o como busca da Sabedoria\n\t\t\t\t<\/h1>\n\n\n\n<p>&#8220;Educa\u00e7\u00e3o n\u00e3o transforma o mundo. Educa\u00e7\u00e3o muda as pessoas. Pessoas transformam o mundo&#8221;.<\/p>\n\n\n\n<p>(Paulo Freire)<\/p>\n\n\n\n<p>&#8220;Se encontrasse o g\u00eanio da l\u00e2mpada, e defrontado com o dilema dos 3 desejos, saberia apenas o primeiro: sabedoria suficiente para escolher os outros 2 da melhor maneira poss\u00edvel&#8221;.<\/p>\n\n\n\n<p>(Fernando Matias)<\/p>\n\n\n\n<p>Nossos materiais s\u00e3o voltados para quem busca conhecimento pelo conhecimento, n\u00e3o para facilitar certifica\u00e7\u00f5es que aumentem alguma empregabilidade. N\u00e3o que julguemos o segundo objetivo como f\u00fatil, mas apenas porque n\u00e3o \u00e9 nosso foco.<\/p>\n\n\n\n<p>Consideramos o conhecimento como um bom caminho para a sabedoria, e \u00e9 com esta que nos comprometemos.<\/p>\n\n\n\n<h6>\n\t\t\t\t\tCaracter\u00edstica Pedag\u00f3gica de Nossos Materiais\n\t\t\t\t<\/h6>\n\n\n\n<h2>\n\t\t\t\t\tNosso compromisso\n\t\t\t\t<\/h2>\n\n\n\n<p>H\u00e1 pessoas s\u00e1bias que n\u00e3o tiveram acesso a uma educa\u00e7\u00e3o formal mais completa, bem como quem estudou a ponto de saber quase tudo sobre quase nada. Ent\u00e3o n\u00e3o consideramos a Educa\u00e7\u00e3o como um caminho necess\u00e1rio ou suficiente para a Sabedoria. Apenas se trata de um atalho que pode, ou n\u00e3o, levar de forma mais r\u00e1pida ao que deveria ser o maior desejo de todos.<\/p>\n\n\n\n<p>O objetivo do criador desta p\u00e1gina e de seus colaboradores \u00e9 a de fornecer acesso a materiais voltados para a dissemina\u00e7\u00e3o de conhecimentos voltados a uma educa\u00e7\u00e3o que se pretende ao mesmo tempo t\u00e9cnica e precisa, mas sempre comprometida com uma vis\u00e3o mais integrada e transdisciplinar.<\/p>\n\n\n\n<p>Em suma, acreditamos que uma educa\u00e7\u00e3o que busca a transdisciplinaridade de forma s\u00e9ria, sem se perder em discursos vazios e superficiais, \u00e9 o melhor caminho para chegar \u00e0 sabedoria.<\/p>\n\n\n\n<p>A transdisciplinaridade \u00e9 um objetivo, mas n\u00e3o uma &#8220;amarra&#8221;. Muitas vezes os materiais ser\u00e3o apresentados da forma disciplinar tradicional. Quando poss\u00edvel, de forma interdisciplinar ou multidisciplinar. Existem limita\u00e7\u00f5es naturais na forma\u00e7\u00e3o dos geradores de conte\u00fado que dificulta a prepara\u00e7\u00e3o de materiais transdisciplinares, mas n\u00e3o o compromisso com uma busca por superar a divis\u00e3o entre diferentes \u00e1reas do conhecimento.<\/p>\n","protected":false},"excerpt":{"rendered":"<p>Disponibilizando Conhecimento a Quem o Busca Educa\u00e7\u00e3o como busca da Sabedoria &#8220;Educa\u00e7\u00e3o n\u00e3o transforma o mundo. Educa\u00e7\u00e3o muda as pessoas. Pessoas transformam o mundo&#8221;. (Paulo Freire) &#8220;Se encontrasse o g\u00eanio da l\u00e2mpada, e defrontado com o dilema dos 3 desejos, saberia apenas o primeiro: sabedoria suficiente para escolher os outros 2 da melhor maneira poss\u00edvel&#8221;. &hellip;<\/p>\n<p class=\"read-more\"> <a class=\"\" href=\"https:\/\/sabedoria.net\/\"> <span class=\"screen-reader-text\">Home<\/span> Read More &raquo;<\/a><\/p>\n","protected":false},"author":1,"featured_media":0,"parent":0,"menu_order":0,"comment_status":"closed","ping_status":"closed","template":"","meta":{"om_disable_all_campaigns":false,"_mi_skip_tracking":false,"site-sidebar-layout":"no-sidebar","site-content-layout":"page-builder","ast-global-header-display":"","ast-main-header-display":"","ast-hfb-above-header-display":"","ast-hfb-below-header-display":"","ast-hfb-mobile-header-display":"","site-post-title":"disabled","ast-breadcrumbs-content":"disabled","ast-featured-img":"disabled","footer-sml-layout":"","theme-transparent-header-meta":"enabled","adv-header-id-meta":"","stick-header-meta":"","header-above-stick-meta":"","header-main-stick-meta":"","header-below-stick-meta":""},"aioseo_notices":[],"_links":{"self":[{"href":"https:\/\/sabedoria.net\/index.php\/wp-json\/wp\/v2\/pages\/736"}],"collection":[{"href":"https:\/\/sabedoria.net\/index.php\/wp-json\/wp\/v2\/pages"}],"about":[{"href":"https:\/\/sabedoria.net\/index.php\/wp-json\/wp\/v2\/types\/page"}],"author":[{"embeddable":true,"href":"https:\/\/sabedoria.net\/index.php\/wp-json\/wp\/v2\/users\/1"}],"replies":[{"embeddable":true,"href":"https:\/\/sabedoria.net\/index.php\/wp-json\/wp\/v2\/comments?post=736"}],"version-history":[{"count":9,"href":"https:\/\/sabedoria.net\/index.php\/wp-json\/wp\/v2\/pages\/736\/revisions"}],"predecessor-version":[{"id":1014,"href":"https:\/\/sabedoria.net\/index.php\/wp-json\/wp\/v2\/pages\/736\/revisions\/1014"}],"wp:attachment":[{"href":"https:\/\/sabedoria.net\/index.php\/wp-json\/wp\/v2\/media?parent=736"}],"curies":[{"name":"wp","href":"https:\/\/api.w.org\/{rel}","templated":true}]}}